{"id":2163,"date":"2019-10-02T10:36:08","date_gmt":"2019-10-02T10:36:08","guid":{"rendered":"https:\/\/lucbadminton.ch\/?page_id=2163"},"modified":"2025-09-01T07:38:39","modified_gmt":"2025-09-01T07:38:39","slug":"interclubs","status":"publish","type":"page","link":"https:\/\/lucbadminton.ch\/?page_id=2163","title":{"rendered":"Interclubs"},"content":{"rendered":"\n<p>Le club a 9 \u00e9quipes d&rsquo;interclub pour la saison <a href=\"https:\/\/www.swiss-badminton.ch\/league\/6930DE56-9B21-41BF-B2CF-B492533E7613\/club\/205\" data-type=\"link\" data-id=\"https:\/\/www.swiss-badminton.ch\/league\/4D2A187C-0855-4B4F-B106-6B6413FC17BF\/club\/205\">2025-2026<\/a> :<\/p>\n\n\n\n<ul class=\"wp-block-list\">\n<li>1\u00e8re ligue : <a href=\"https:\/\/www.swiss-badminton.ch\/league\/6930DE56-9B21-41BF-B2CF-B492533E7613\/team\/29\" data-type=\"link\" data-id=\"https:\/\/www.swiss-badminton.ch\/league\/4D2A187C-0855-4B4F-B106-6B6413FC17BF\/team\/28\">LUC 1<\/a><\/li>\n\n\n\n<li>2\u00e8me ligue : <a href=\"https:\/\/www.swiss-badminton.ch\/league\/6930DE56-9B21-41BF-B2CF-B492533E7613\/team\/58\">LUC 2<\/a><\/li>\n\n\n\n<li>3\u00e8me ligue : <a href=\"https:\/\/www.swiss-badminton.ch\/league\/6930DE56-9B21-41BF-B2CF-B492533E7613\/team\/217\">LUC 3<\/a>, <a href=\"https:\/\/www.swiss-badminton.ch\/league\/6930DE56-9B21-41BF-B2CF-B492533E7613\/team\/222\">LUC 4<\/a><\/li>\n\n\n\n<li>4\u00e8me ligue : <a href=\"https:\/\/www.swiss-badminton.ch\/league\/6930DE56-9B21-41BF-B2CF-B492533E7613\/team\/242\">LUC 5<\/a>, <a href=\"https:\/\/www.swiss-badminton.ch\/league\/6930DE56-9B21-41BF-B2CF-B492533E7613\/team\/229\">LUC 6<\/a>, <a href=\"https:\/\/www.swiss-badminton.ch\/league\/6930DE56-9B21-41BF-B2CF-B492533E7613\/team\/232\">LUC 7<\/a>, <a href=\"https:\/\/www.swiss-badminton.ch\/league\/6930DE56-9B21-41BF-B2CF-B492533E7613\/team\/226\" data-type=\"link\" data-id=\"https:\/\/www.swiss-badminton.ch\/league\/6930DE56-9B21-41BF-B2CF-B492533E7613\/team\/226\">LUC 8<\/a><\/li>\n\n\n\n<li>Ligue senior : <a href=\"https:\/\/www.swiss-badminton.ch\/league\/6930DE56-9B21-41BF-B2CF-B492533E7613\/team\/523\">LUC S<\/a><\/li>\n<\/ul>\n\n\n\n<p>Si tu souhaites rejoindres les \u00e9quipes du LUC, tu peux nous contacter <a href=\"https:\/\/lucbadminton.ch\/?page_id=3395\" data-type=\"page\" data-id=\"3395\">ici<\/a>!<\/p>\n\n\n\n<p class=\"has-medium-font-size\"><span style=\"text-decoration: underline;\">Historique<\/span><\/p>\n\n\n\n<p>Le club a eu 8 \u00e9quipes d&rsquo;interclub pendant la saison <a href=\"https:\/\/www.swiss-badminton.ch\/league\/4D2A187C-0855-4B4F-B106-6B6413FC17BF\/club\/205\" target=\"_blank\" rel=\"noreferrer noopener\">2024-2025<\/a>.<\/p>\n\n\n\n<p>Les r\u00e9sultats des \u00e9quipes d&rsquo;interclub des saisons pr\u00e9c\u00e9dentes sont visibles sur le site officiel de <a href=\"https:\/\/sb.tournamentsoftware.com\/page\/33176\/Ranglisten-und-Begegnungen-Classements-et-Rencontres\">Swiss Badminton<\/a>.<\/p>\n\n\n\n<p><\/p>\n","protected":false},"excerpt":{"rendered":"<p>Le club a 9 \u00e9quipes d&rsquo;interclub pour la saison 2025-2026 : Si tu souhaites rejoindres les \u00e9quipes du LUC, tu peux nous contacter ici! Historique Le club a eu 8 \u00e9quipes d&rsquo;interclub pendant la saison 2024-2025. Les r\u00e9sultats des \u00e9quipes d&rsquo;interclub des saisons pr\u00e9c\u00e9dentes sont visibles sur le site officiel de Swiss Badminton.<\/p>\n","protected":false},"author":1,"featured_media":0,"parent":0,"menu_order":1,"comment_status":"closed","ping_status":"closed","template":"page-templates\/full-width.php","meta":{"footnotes":""},"class_list":["post-2163","page","type-page","status-publish","hentry"],"_links":{"self":[{"href":"https:\/\/lucbadminton.ch\/index.php?rest_route=\/wp\/v2\/pages\/2163","targetHints":{"allow":["GET"]}}],"collection":[{"href":"https:\/\/lucbadminton.ch\/index.php?rest_route=\/wp\/v2\/pages"}],"about":[{"href":"https:\/\/lucbadminton.ch\/index.php?rest_route=\/wp\/v2\/types\/page"}],"author":[{"embeddable":true,"href":"https:\/\/lucbadminton.ch\/index.php?rest_route=\/wp\/v2\/users\/1"}],"replies":[{"embeddable":true,"href":"https:\/\/lucbadminton.ch\/index.php?rest_route=%2Fwp%2Fv2%2Fcomments&post=2163"}],"version-history":[{"count":20,"href":"https:\/\/lucbadminton.ch\/index.php?rest_route=\/wp\/v2\/pages\/2163\/revisions"}],"predecessor-version":[{"id":3633,"href":"https:\/\/lucbadminton.ch\/index.php?rest_route=\/wp\/v2\/pages\/2163\/revisions\/3633"}],"wp:attachment":[{"href":"https:\/\/lucbadminton.ch\/index.php?rest_route=%2Fwp%2Fv2%2Fmedia&parent=2163"}],"curies":[{"name":"wp","href":"https:\/\/api.w.org\/{rel}","templated":true}]}}