{"id":3278,"date":"2024-12-08T15:42:37","date_gmt":"2024-12-08T15:42:37","guid":{"rendered":"https:\/\/lucbadminton.ch\/?page_id=3278"},"modified":"2025-09-14T16:11:34","modified_gmt":"2025-09-14T16:11:34","slug":"cotisations","status":"publish","type":"page","link":"https:\/\/lucbadminton.ch\/?page_id=3278","title":{"rendered":"Tarifs"},"content":{"rendered":"\n<p>Les montants des cotisations du LUC Badminton pour la saison 2025-2026 sont les suivants :<\/p>\n\n\n\n<table id=\"tablepress-17\" class=\"tablepress tablepress-id-17\">\n<tbody class=\"row-striping row-hover\">\n<tr class=\"row-1\">\n\t<td class=\"column-1\">Cat\u00e9gories<\/td><td class=\"column-2\">Description<\/td><td class=\"column-3\">Tarif saison<\/td>\n<\/tr>\n<tr class=\"row-2\">\n\t<td class=\"column-1\">A<\/td><td class=\"column-2\">Etudiant\u00b7e\u00b7s UNIL\/EPFL, AISTS, universit\u00e9s Suisses, apprenti\u00b7e\u00b7s et stagiaires EPFL\/UNIL, HES\/HEP.<\/td><td class=\"column-3\">70 CHF<\/td>\n<\/tr>\n<tr class=\"row-3\">\n\t<td class=\"column-1\">B<\/td><td class=\"column-2\">Communaut\u00e9 UNIL\/EPFL (doctorant\u00b7e\u00b7s, formation continue, assistant\u00b7e\u00b7s diplom\u00e9\u00b7e\u00b7s, corps enseignant, personnel administratif, technique et des garderies), employ\u00e9\u00b7e\u00b7s CHUV\/hopital ophtalmologique, collaborateurs FISU\/CIO<\/td><td class=\"column-3\">190 CHF<\/td>\n<\/tr>\n<tr class=\"row-4\">\n\t<td class=\"column-1\">C<\/td><td class=\"column-2\">Autres<\/td><td class=\"column-3\">240 CHF<\/td>\n<\/tr>\n<tr class=\"row-5\">\n\t<td class=\"column-1\">D<\/td><td class=\"column-2\">Senior (pour jouer en IC senior uniquement)<\/td><td class=\"column-3\">100 CHF<\/td>\n<\/tr>\n<tr class=\"row-6\">\n\t<td class=\"column-1\">E<\/td><td class=\"column-2\">Passif (ancien\u00b7ne membre uniquement)<\/td><td class=\"column-3\">50 CHF<\/td>\n<\/tr>\n<tr class=\"row-7\">\n\t<td class=\"column-1\"> - <\/td><td class=\"column-2\">Frais accessoires pour membres d'\u00e9quipes interclub (hormis IC senior, exclusifs)<br \/>\n<\/td><td class=\"column-3\">50 CHF<\/td>\n<\/tr>\n<\/tbody>\n<\/table>\n<!-- #tablepress-17 from cache -->\n\n\n\n<p class=\"has-medium-font-size\"><em>Conditions<\/em><\/p>\n\n\n\n<ul class=\"wp-block-list\">\n<li>Tarifs par semestre (moiti\u00e9 prix) ou saison compl\u00e8te<\/li>\n\n\n\n<li>Validit\u00e9 des semestres:\n<ul class=\"wp-block-list\">\n<li><b>S1<\/b> : 15 juin &#8211; 28 f\u00e9vrier<\/li>\n\n\n\n<li><b>S2<\/b> : 01 janvier &#8211; 30 juin<\/li>\n<\/ul>\n<\/li>\n<\/ul>\n\n\n\n<p>Ces prix n&rsquo;incluent&nbsp;<span style=\"color: #ff0000;\"><strong><span class=\"has-inline-color has-vivid-red-color\">pas<\/span><\/strong>&nbsp;<\/span>la licence Swiss-Badminton permettant de participer aux interclubs et aux tournois licenci\u00e9s (valeur = 120 CHF).<br>Devenir membre du LUC, c&rsquo;est bien s\u00fbr b\u00e9n\u00e9ficier des diff\u00e9rentes&nbsp;possibilit\u00e9s de jeu libre et d&rsquo;entra\u00eenement. De plus, cela donne aussi droit \u00e0 quelques avantages non n\u00e9gligeables :<\/p>\n\n\n\n<ul class=\"wp-block-list\">\n<li>invitation aux nombreuses sorties\/\u00e9v\u00e9nements du club<\/li>\n\n\n\n<li>achat de mat\u00e9riel \u00e0 prix avantageux (volants\/textile)<\/li>\n\n\n\n<li>etc.<\/li>\n<\/ul>\n\n\n\n<p class=\"has-medium-font-size\"><em>Paiement<\/em><\/p>\n\n\n\n<p>Les coordonn\u00e9es bancaires du club sont les suivantes:<\/p>\n\n\n\n<table id=\"tablepress-16\" class=\"tablepress tablepress-id-16\">\n<tbody class=\"row-striping row-hover\">\n<tr class=\"row-1\">\n\t<td class=\"column-1\">Adresse<\/td><td class=\"column-2\">Lausanne universit\u00e9 club badminton<br \/>\n1022 chavannes-renens<\/td>\n<\/tr>\n<tr class=\"row-2\">\n\t<td class=\"column-1\">IBAN<\/td><td class=\"column-2\">CH85 0900 0000 1749 6013 5<\/td>\n<\/tr>\n<tr class=\"row-3\">\n\t<td class=\"column-1\">Num\u00e9ro compte<\/td><td class=\"column-2\">17-496013-5<\/td>\n<\/tr>\n<tr class=\"row-4\">\n\t<td class=\"column-1\">BIC<\/td><td class=\"column-2\">POFICHBEXXX<\/td>\n<\/tr>\n<\/tbody>\n<\/table>\n<!-- #tablepress-16 from cache -->\n","protected":false},"excerpt":{"rendered":"<p>Les montants des cotisations du LUC Badminton pour la saison 2025-2026 sont les suivants : Conditions Ces prix n&rsquo;incluent&nbsp;pas&nbsp;la licence Swiss-Badminton permettant de participer aux interclubs et aux tournois licenci\u00e9s (valeur = 120 CHF).Devenir membre du LUC, c&rsquo;est bien s\u00fbr b\u00e9n\u00e9ficier des diff\u00e9rentes&nbsp;possibilit\u00e9s de jeu libre et d&rsquo;entra\u00eenement. De plus, cela donne aussi droit \u00e0 [&hellip;]<\/p>\n","protected":false},"author":1,"featured_media":0,"parent":0,"menu_order":0,"comment_status":"closed","ping_status":"closed","template":"page-templates\/full-width.php","meta":{"footnotes":""},"class_list":["post-3278","page","type-page","status-publish","hentry"],"_links":{"self":[{"href":"https:\/\/lucbadminton.ch\/index.php?rest_route=\/wp\/v2\/pages\/3278","targetHints":{"allow":["GET"]}}],"collection":[{"href":"https:\/\/lucbadminton.ch\/index.php?rest_route=\/wp\/v2\/pages"}],"about":[{"href":"https:\/\/lucbadminton.ch\/index.php?rest_route=\/wp\/v2\/types\/page"}],"author":[{"embeddable":true,"href":"https:\/\/lucbadminton.ch\/index.php?rest_route=\/wp\/v2\/users\/1"}],"replies":[{"embeddable":true,"href":"https:\/\/lucbadminton.ch\/index.php?rest_route=%2Fwp%2Fv2%2Fcomments&post=3278"}],"version-history":[{"count":4,"href":"https:\/\/lucbadminton.ch\/index.php?rest_route=\/wp\/v2\/pages\/3278\/revisions"}],"predecessor-version":[{"id":3683,"href":"https:\/\/lucbadminton.ch\/index.php?rest_route=\/wp\/v2\/pages\/3278\/revisions\/3683"}],"wp:attachment":[{"href":"https:\/\/lucbadminton.ch\/index.php?rest_route=%2Fwp%2Fv2%2Fmedia&parent=3278"}],"curies":[{"name":"wp","href":"https:\/\/api.w.org\/{rel}","templated":true}]}}