{"id":3360,"date":"2025-04-05T15:07:24","date_gmt":"2025-04-05T15:07:24","guid":{"rendered":"https:\/\/lucbadminton.ch\/?page_id=3360"},"modified":"2025-04-05T15:23:27","modified_gmt":"2025-04-05T15:23:27","slug":"faq-2","status":"publish","type":"page","link":"https:\/\/lucbadminton.ch\/?page_id=3360","title":{"rendered":"FAQ"},"content":{"rendered":"\n<style>   <\/style><div  class=\"ewd-ufaq-faq-list ewd-ufaq-page-type-load_more\" id='ewd-ufaq-faq-list'>\n\n\t<input type='hidden' name='show_on_load' value='' id='ewd-ufaq-show-on-load' \/>\n<input type='hidden' name='include_category' value='nouveaux-membres, competition' id='ewd-ufaq-include-category' \/>\n<input type='hidden' name='exclude_category' value='new-members, competition-interclubs' id='ewd-ufaq-exclude-category' \/>\n<input type='hidden' name='orderby' value='date' id='ewd-ufaq-orderby' \/>\n<input type='hidden' name='order' value='asc' id='ewd-ufaq-order' \/>\n<input type='hidden' name='post_count' value='-1' id='ewd-ufaq-post-count' \/>\n<input type='hidden' name='current_url' value='\/index.php?rest_route=%2Fwp%2Fv2%2Fpages%2F3360' id='ewd-ufaq-current-url' \/>\n\t\n\t\n\t<div class='ewd-ufaq-faqs'>\n\n\t\t<div id='ewd-ufaq-faq-category-nouveaux-membres' class='ewd-ufaq-faq-category'>\n\t\n\t<div class='ewd-ufaq-faq-category-title '  >\n\t\t\n\t\t<h4 title=\"Click here to open Nouveaux membres\">\n\t\t\tNouveaux membres\t\t\t\t\t<\/h4>\n\t\n\t<\/div>\n\t\n\t<div class='ewd-ufaq-faq-category-inner ' >\n<div  class=\"ewd-ufaq-faq-div ewd-ufaq-faq-column-count-one ewd-ufaq-faq-responsive-columns- ewd-ufaq-faq-display-style-one ewd-ufaq-can-be-toggled\" id='ewd-ufaq-post-3336-nXtv9nC8pq' data-post_id='3336'>\n\n\t<div class='ewd-ufaq-faq-title ewd-ufaq-faq-toggle'>\n\t\n\t<a class='ewd-ufaq-post-margin'  href='#' role=\"button\">\n\n\t\t<div class='ewd-ufaq-post-margin-symbol ewd-ufaq-square'>\n\t\t\t<span >a<\/span>\n\t\t<\/div>\n\n\t\t<div class='ewd-ufaq-faq-title-text'>\n\n\t\t\t<h4>\n\t\t\t\tJe ne suis pas \u00e9tudiant\u00b7e \u00e0 l\u2019UNIL ou l\u2019EPFL, est-ce que je peux \u00eatre membre du LUC Badminton?\t\t\t<\/h4>\n\n\t\t<\/div>\n\n\t\t<div class='ewd-ufaq-clear'><\/div>\n\n\t<\/a>\n\t\n<\/div>\n\t\n\t<div class='ewd-ufaq-faq-body ewd-ufaq-hidden' >\n\n\t\t\n\t\t\t\n\t\t\n\t\t\t<div class='ewd-ufaq-post-margin ewd-ufaq-faq-post'>\n\t\n<p>Oui! Nous acceptons toute personne majeure au sein du club. Pour les mineur\u00b7e\u00b7s, seuls les \u00e9tudiant\u00b7e\u00b7s entrant dans la <a href=\"https:\/\/lucbadminton.ch\/?page_id=3278\" data-type=\"page\" data-id=\"3278\">cat\u00e9gorie A<\/a> sont admis\u00b7e\u00b7s.<\/p>\n\n\n\n<p><\/p>\n<\/div>\n\t\t\n\t\t\t<div class='ewd-ufaq-faq-custom-fields'>\n\n\t\n<\/div>\n\t\t\n\t\t\t<div class='ewd-ufaq-faq-categories'>\n\t\n\tCategory:\n\t\n\t\t<a href=\"https:\/\/lucbadminton.ch\/?ufaq=comment-rejoindre-une-equipe-dinterclub-du-luc-badminton&amp;include_category=nouveaux-membres\">Nouveaux membres<\/a>\n\t\n<\/div>\n\t\t\n\t\t\t\n\t\t\n\t\t\t\n\t\t\n\t\t\t\n\t\t\n\t\t\t\n\t\t\n\t\t\t\n\t\t\n\t\t\t\n\t\t\n\t<\/div>\n\n<\/div><div  class=\"ewd-ufaq-faq-div ewd-ufaq-faq-column-count-one ewd-ufaq-faq-responsive-columns- ewd-ufaq-faq-display-style-one ewd-ufaq-can-be-toggled\" id='ewd-ufaq-post-3337-I2Zo8WDE0v' data-post_id='3337'>\n\n\t<div class='ewd-ufaq-faq-title ewd-ufaq-faq-toggle'>\n\t\n\t<a class='ewd-ufaq-post-margin'  href='#' role=\"button\">\n\n\t\t<div class='ewd-ufaq-post-margin-symbol ewd-ufaq-square'>\n\t\t\t<span >a<\/span>\n\t\t<\/div>\n\n\t\t<div class='ewd-ufaq-faq-title-text'>\n\n\t\t\t<h4>\n\t\t\t\tQuel est le niveau minimum pour rejoindre le club?\t\t\t<\/h4>\n\n\t\t<\/div>\n\n\t\t<div class='ewd-ufaq-clear'><\/div>\n\n\t<\/a>\n\t\n<\/div>\n\t\n\t<div class='ewd-ufaq-faq-body ewd-ufaq-hidden' >\n\n\t\t\n\t\t\t\n\t\t\n\t\t\t<div class='ewd-ufaq-post-margin ewd-ufaq-faq-post'>\n\t\n<p>Nous acceptons tous les niveaux mais nous conseillons vivement de ma\u00eetriser les bases du badminton pour profiter pleinement de toutes les sessions de jeu.<\/p>\n<\/div>\n\t\t\n\t\t\t<div class='ewd-ufaq-faq-custom-fields'>\n\n\t\n<\/div>\n\t\t\n\t\t\t<div class='ewd-ufaq-faq-categories'>\n\t\n\tCategory:\n\t\n\t\t<a href=\"https:\/\/lucbadminton.ch\/?ufaq=comment-rejoindre-une-equipe-dinterclub-du-luc-badminton&amp;include_category=nouveaux-membres\">Nouveaux membres<\/a>\n\t\n<\/div>\n\t\t\n\t\t\t\n\t\t\n\t\t\t\n\t\t\n\t\t\t\n\t\t\n\t\t\t\n\t\t\n\t\t\t\n\t\t\n\t\t\t\n\t\t\n\t<\/div>\n\n<\/div><div  class=\"ewd-ufaq-faq-div ewd-ufaq-faq-column-count-one ewd-ufaq-faq-responsive-columns- ewd-ufaq-faq-display-style-one ewd-ufaq-can-be-toggled\" id='ewd-ufaq-post-3338-wR2wql9xOS' data-post_id='3338'>\n\n\t<div class='ewd-ufaq-faq-title ewd-ufaq-faq-toggle'>\n\t\n\t<a class='ewd-ufaq-post-margin'  href='#' role=\"button\">\n\n\t\t<div class='ewd-ufaq-post-margin-symbol ewd-ufaq-square'>\n\t\t\t<span >a<\/span>\n\t\t<\/div>\n\n\t\t<div class='ewd-ufaq-faq-title-text'>\n\n\t\t\t<h4>\n\t\t\t\tComment rejoindre le club?\t\t\t<\/h4>\n\n\t\t<\/div>\n\n\t\t<div class='ewd-ufaq-clear'><\/div>\n\n\t<\/a>\n\t\n<\/div>\n\t\n\t<div class='ewd-ufaq-faq-body ewd-ufaq-hidden' >\n\n\t\t\n\t\t\t\n\t\t\n\t\t\t<div class='ewd-ufaq-post-margin ewd-ufaq-faq-post'>\n\t\n<p>Il est obligatoire de participer \u00e0 une <a href=\"https:\/\/lucbadminton.ch\/?page_id=2225\" data-type=\"page\" data-id=\"2225\">session d\u2019accueil<\/a> pour int\u00e9grer le club. Lors de cette session le fonctionnement du club te sera expliqu\u00e9. Les ancien\u00b7ne\u00b7s membres du club souhaitant int\u00e9grer \u00e0 nouveau le LUC sont exempt\u00e9\u00b7e\u00b7s de cette session et peuvent nous contacter directement avec <a href=\"https:\/\/lucbadminton.ch\/?page_id=3381\" data-type=\"page\" data-id=\"3381\">ce formulaire<\/a>.<\/p>\n\n\n\n<p><\/p>\n<\/div>\n\t\t\n\t\t\t<div class='ewd-ufaq-faq-custom-fields'>\n\n\t\n<\/div>\n\t\t\n\t\t\t<div class='ewd-ufaq-faq-categories'>\n\t\n\tCategory:\n\t\n\t\t<a href=\"https:\/\/lucbadminton.ch\/?ufaq=comment-rejoindre-une-equipe-dinterclub-du-luc-badminton&amp;include_category=nouveaux-membres\">Nouveaux membres<\/a>\n\t\n<\/div>\n\t\t\n\t\t\t\n\t\t\n\t\t\t\n\t\t\n\t\t\t\n\t\t\n\t\t\t\n\t\t\n\t\t\t\n\t\t\n\t\t\t\n\t\t\n\t<\/div>\n\n<\/div><div  class=\"ewd-ufaq-faq-div ewd-ufaq-faq-column-count-one ewd-ufaq-faq-responsive-columns- ewd-ufaq-faq-display-style-one ewd-ufaq-can-be-toggled\" id='ewd-ufaq-post-3339-7GCekFohrr' data-post_id='3339'>\n\n\t<div class='ewd-ufaq-faq-title ewd-ufaq-faq-toggle'>\n\t\n\t<a class='ewd-ufaq-post-margin'  href='#' role=\"button\">\n\n\t\t<div class='ewd-ufaq-post-margin-symbol ewd-ufaq-square'>\n\t\t\t<span >a<\/span>\n\t\t<\/div>\n\n\t\t<div class='ewd-ufaq-faq-title-text'>\n\n\t\t\t<h4>\n\t\t\t\tQuel est le prix de l\u2019adh\u00e9sion au club?\t\t\t<\/h4>\n\n\t\t<\/div>\n\n\t\t<div class='ewd-ufaq-clear'><\/div>\n\n\t<\/a>\n\t\n<\/div>\n\t\n\t<div class='ewd-ufaq-faq-body ewd-ufaq-hidden' >\n\n\t\t\n\t\t\t\n\t\t\n\t\t\t<div class='ewd-ufaq-post-margin ewd-ufaq-faq-post'>\n\t\n<p>Le prix de l\u2019adh\u00e9sion au club d\u00e9pend de ton statut (\u00e9tudiant\u00b7e, doctorant\u00b7e, collaborateur\u00b7trice, autre, etc..). Les diff\u00e9rents statuts sont d\u00e9crits <a href=\"https:\/\/lucbadminton.ch\/?page_id=3278\" data-type=\"page\" data-id=\"3278\">ici<\/a>.<\/p>\n\n\n\n<p><\/p>\n<\/div>\n\t\t\n\t\t\t<div class='ewd-ufaq-faq-custom-fields'>\n\n\t\n<\/div>\n\t\t\n\t\t\t<div class='ewd-ufaq-faq-categories'>\n\t\n\tCategory:\n\t\n\t\t<a href=\"https:\/\/lucbadminton.ch\/?ufaq=comment-rejoindre-une-equipe-dinterclub-du-luc-badminton&amp;include_category=nouveaux-membres\">Nouveaux membres<\/a>\n\t\n<\/div>\n\t\t\n\t\t\t\n\t\t\n\t\t\t\n\t\t\n\t\t\t\n\t\t\n\t\t\t\n\t\t\n\t\t\t\n\t\t\n\t\t\t\n\t\t\n\t<\/div>\n\n<\/div><div  class=\"ewd-ufaq-faq-div ewd-ufaq-faq-column-count-one ewd-ufaq-faq-responsive-columns- ewd-ufaq-faq-display-style-one ewd-ufaq-can-be-toggled\" id='ewd-ufaq-post-3340-vWRkh2WRSZ' data-post_id='3340'>\n\n\t<div class='ewd-ufaq-faq-title ewd-ufaq-faq-toggle'>\n\t\n\t<a class='ewd-ufaq-post-margin'  href='#' role=\"button\">\n\n\t\t<div class='ewd-ufaq-post-margin-symbol ewd-ufaq-square'>\n\t\t\t<span >a<\/span>\n\t\t<\/div>\n\n\t\t<div class='ewd-ufaq-faq-title-text'>\n\n\t\t\t<h4>\n\t\t\t\tQuelles sont les plages de jeux propos\u00e9es par le club?\t\t\t<\/h4>\n\n\t\t<\/div>\n\n\t\t<div class='ewd-ufaq-clear'><\/div>\n\n\t<\/a>\n\t\n<\/div>\n\t\n\t<div class='ewd-ufaq-faq-body ewd-ufaq-hidden' >\n\n\t\t\n\t\t\t\n\t\t\n\t\t\t<div class='ewd-ufaq-post-margin ewd-ufaq-faq-post'>\n\t\n<p>Le club propose des plages de: jeu libre pour toustes, jeu libre pour membres comp\u00e9tition, entra\u00eenement pour toustes et entra\u00eenement pour membres interclub. Les diff\u00e9rentes plages de jeux propos\u00e9es par le club sont indiqu\u00e9es <a href=\"https:\/\/lucbadminton.ch\/?page_id=451\" data-type=\"page\" data-id=\"451\">ici<\/a>. <\/p>\n\n\n\n<p>Nos infrastructures \u00e9tant d\u00e9pendantes du calendrier scolaire et acad\u00e9mique, ces horaires varient pendant la saison et sont toujours actualis\u00e9s sur ce site. Toutes les plages du club sont strictement r\u00e9serv\u00e9es pour les membres du club. Il n\u2019est pas possible d\u2019inviter une personne externe \u00e0 ces sessions.<\/p>\n\n\n\n<p><\/p>\n<\/div>\n\t\t\n\t\t\t<div class='ewd-ufaq-faq-custom-fields'>\n\n\t\n<\/div>\n\t\t\n\t\t\t<div class='ewd-ufaq-faq-categories'>\n\t\n\tCategory:\n\t\n\t\t<a href=\"https:\/\/lucbadminton.ch\/?ufaq=comment-rejoindre-une-equipe-dinterclub-du-luc-badminton&amp;include_category=nouveaux-membres\">Nouveaux membres<\/a>\n\t\n<\/div>\n\t\t\n\t\t\t\n\t\t\n\t\t\t\n\t\t\n\t\t\t\n\t\t\n\t\t\t\n\t\t\n\t\t\t\n\t\t\n\t\t\t\n\t\t\n\t<\/div>\n\n<\/div><div  class=\"ewd-ufaq-faq-div ewd-ufaq-faq-column-count-one ewd-ufaq-faq-responsive-columns- ewd-ufaq-faq-display-style-one ewd-ufaq-can-be-toggled\" id='ewd-ufaq-post-3341-siUdkyjBc4' data-post_id='3341'>\n\n\t<div class='ewd-ufaq-faq-title ewd-ufaq-faq-toggle'>\n\t\n\t<a class='ewd-ufaq-post-margin'  href='#' role=\"button\">\n\n\t\t<div class='ewd-ufaq-post-margin-symbol ewd-ufaq-square'>\n\t\t\t<span >a<\/span>\n\t\t<\/div>\n\n\t\t<div class='ewd-ufaq-faq-title-text'>\n\n\t\t\t<h4>\n\t\t\t\tQuel mat\u00e9riel est fourni par le club?\t\t\t<\/h4>\n\n\t\t<\/div>\n\n\t\t<div class='ewd-ufaq-clear'><\/div>\n\n\t<\/a>\n\t\n<\/div>\n\t\n\t<div class='ewd-ufaq-faq-body ewd-ufaq-hidden' >\n\n\t\t\n\t\t\t\n\t\t\n\t\t\t<div class='ewd-ufaq-post-margin ewd-ufaq-faq-post'>\n\t\n<p>Hormis les volants pour les entra\u00eenements, le club ne fournit pas de mat\u00e9riel. Chaque membre est tenu de disposer de chaussures non-marquantes, d\u2019une raquette et de ses propres volants.<\/p>\n\n\n\n<p><\/p>\n<\/div>\n\t\t\n\t\t\t<div class='ewd-ufaq-faq-custom-fields'>\n\n\t\n<\/div>\n\t\t\n\t\t\t<div class='ewd-ufaq-faq-categories'>\n\t\n\tCategory:\n\t\n\t\t<a href=\"https:\/\/lucbadminton.ch\/?ufaq=comment-rejoindre-une-equipe-dinterclub-du-luc-badminton&amp;include_category=nouveaux-membres\">Nouveaux membres<\/a>\n\t\n<\/div>\n\t\t\n\t\t\t\n\t\t\n\t\t\t\n\t\t\n\t\t\t\n\t\t\n\t\t\t\n\t\t\n\t\t\t\n\t\t\n\t\t\t\n\t\t\n\t<\/div>\n\n<\/div><\/div>\n\n<\/div>\n<div id='ewd-ufaq-faq-category-competition' class='ewd-ufaq-faq-category'>\n\t\n\t<div class='ewd-ufaq-faq-category-title '  >\n\t\t\n\t\t<h4 title=\"Click here to open Comp\u00e9tition \/ Interclubs\">\n\t\t\tComp\u00e9tition \/ Interclubs\t\t\t\t\t<\/h4>\n\t\n\t<\/div>\n\t\n\t<div class='ewd-ufaq-faq-category-inner ' >\n<div  class=\"ewd-ufaq-faq-div ewd-ufaq-faq-column-count-one ewd-ufaq-faq-responsive-columns- ewd-ufaq-faq-display-style-one ewd-ufaq-can-be-toggled\" id='ewd-ufaq-post-3342-5xoFx38YL7' data-post_id='3342'>\n\n\t<div class='ewd-ufaq-faq-title ewd-ufaq-faq-toggle'>\n\t\n\t<a class='ewd-ufaq-post-margin'  href='#' role=\"button\">\n\n\t\t<div class='ewd-ufaq-post-margin-symbol ewd-ufaq-square'>\n\t\t\t<span >a<\/span>\n\t\t<\/div>\n\n\t\t<div class='ewd-ufaq-faq-title-text'>\n\n\t\t\t<h4>\n\t\t\t\tJe veux faire de la comp\u00e9tition au sein du LUC Badminton, quelles sont les possibilit\u00e9s?\t\t\t<\/h4>\n\n\t\t<\/div>\n\n\t\t<div class='ewd-ufaq-clear'><\/div>\n\n\t<\/a>\n\t\n<\/div>\n\t\n\t<div class='ewd-ufaq-faq-body ewd-ufaq-hidden' >\n\n\t\t\n\t\t\t\n\t\t\n\t\t\t<div class='ewd-ufaq-post-margin ewd-ufaq-faq-post'>\n\t\n<ul class=\"wp-block-list\">\n<li>La comp\u00e9tition en Suisse s\u2019articule autour de 2 formats distincts, les tournois et les interclubs. <a href=\"https:\/\/www.swiss-badminton.ch\/calendar\/207\/Kalender-Calendrier\" data-type=\"link\" data-id=\"https:\/\/www.swiss-badminton.ch\/calendar\/207\/Kalender-Calendrier\">Les tournois<\/a> sont des comp\u00e9titions ponctuelles se d\u00e9roulant le week-end et sont accessibles \u00e0 titre individuel, alors que les interclubs se d\u00e9roulent au sein d\u2019une \u00e9quipe, de septembre \u00e0 avril.<\/li>\n\n\n\n<li>Pour faire de la comp\u00e9tition en Suisse (interclub ou tournoi), il est n\u00e9cessaire d\u2019acqu\u00e9rir une licence (120 CHF, en plus du prix de l\u2019adh\u00e9sion au club).<\/li>\n\n\n\n<li>Une licence pour faire des tournois peut \u00eatre demand\u00e9e \u00e0 tout moment de la saison jusqu\u2019au 31 d\u00e9cembre. Elle <span style=\"text-decoration: underline\">ne garantit cependant pas l\u2019acc\u00e8s<\/span> \u00e0 une \u00e9quipe d\u2019interclub.<\/li>\n<\/ul>\n\n\n\n<p>Pour de plus amples informations, vous pouvez consulter le document <a href=\"https:\/\/docs.google.com\/document\/d\/12cgQlKsBlUUk5QfzZ8J7k8JpcB_h7IXKJaQd-hkhFk8\/edit?usp=sharing\" data-type=\"link\" data-id=\"https:\/\/docs.google.com\/document\/d\/12cgQlKsBlUUk5QfzZ8J7k8JpcB_h7IXKJaQd-hkhFk8\/edit?usp=sharing\">suivant<\/a>.<\/p>\n<\/div>\n\t\t\n\t\t\t<div class='ewd-ufaq-faq-custom-fields'>\n\n\t\n<\/div>\n\t\t\n\t\t\t<div class='ewd-ufaq-faq-categories'>\n\t\n\tCategory:\n\t\n\t\t<a href=\"https:\/\/lucbadminton.ch\/?ufaq=comment-rejoindre-une-equipe-dinterclub-du-luc-badminton&amp;include_category=competition\">Comp\u00e9tition \/ Interclubs<\/a>\n\t\n<\/div>\n\t\t\n\t\t\t\n\t\t\n\t\t\t\n\t\t\n\t\t\t\n\t\t\n\t\t\t\n\t\t\n\t\t\t\n\t\t\n\t\t\t\n\t\t\n\t<\/div>\n\n<\/div><div  class=\"ewd-ufaq-faq-div ewd-ufaq-faq-column-count-one ewd-ufaq-faq-responsive-columns- ewd-ufaq-faq-display-style-one ewd-ufaq-can-be-toggled\" id='ewd-ufaq-post-3343-YFPAzFA0tV' data-post_id='3343'>\n\n\t<div class='ewd-ufaq-faq-title ewd-ufaq-faq-toggle'>\n\t\n\t<a class='ewd-ufaq-post-margin'  href='#' role=\"button\">\n\n\t\t<div class='ewd-ufaq-post-margin-symbol ewd-ufaq-square'>\n\t\t\t<span >a<\/span>\n\t\t<\/div>\n\n\t\t<div class='ewd-ufaq-faq-title-text'>\n\n\t\t\t<h4>\n\t\t\t\tComment rejoindre une \u00e9quipe d\u2019interclub du LUC Badminton?\t\t\t<\/h4>\n\n\t\t<\/div>\n\n\t\t<div class='ewd-ufaq-clear'><\/div>\n\n\t<\/a>\n\t\n<\/div>\n\t\n\t<div class='ewd-ufaq-faq-body ewd-ufaq-hidden' >\n\n\t\t\n\t\t\t\n\t\t\n\t\t\t<div class='ewd-ufaq-post-margin ewd-ufaq-faq-post'>\n\t\n<p>Les \u00e9quipes sont form\u00e9es en d\u00e9but de saison (~juillet), mais des places peuvent se lib\u00e9rer en cours de saison. <\/p>\n\n\n\n<p>D\u00fb \u00e0 une tr\u00e8s forte demande pour les \u00e9quipes interclubs, la priorit\u00e9 est donn\u00e9e premi\u00e8rement aux membres interclubs de la saison pr\u00e9c\u00e9dente puis aux membres du club de la saison pr\u00e9c\u00e9dente puis aux nouveaux arrivants. <\/p>\n\n\n\n<p>Des <span style=\"text-decoration: underline\"><strong>exceptions peuvent \u00eatre faites<\/strong><\/span> pour les personnes poss\u00e9dant d\u00e9j\u00e0 une exp\u00e9rience du badminton en comp\u00e9tition. Si tu es dans ce cas, n\u2019h\u00e9site pas \u00e0 nous contacter avec ce <a href=\"https:\/\/lucbadminton.ch\/?page_id=3395\" data-type=\"page\" data-id=\"3395\">formulaire<\/a>.<\/p>\n\n\n\n<p><\/p>\n<\/div>\n\t\t\n\t\t\t<div class='ewd-ufaq-faq-custom-fields'>\n\n\t\n<\/div>\n\t\t\n\t\t\t<div class='ewd-ufaq-faq-categories'>\n\t\n\tCategory:\n\t\n\t\t<a href=\"https:\/\/lucbadminton.ch\/?ufaq=comment-rejoindre-une-equipe-dinterclub-du-luc-badminton&amp;include_category=competition\">Comp\u00e9tition \/ Interclubs<\/a>\n\t\n<\/div>\n\t\t\n\t\t\t\n\t\t\n\t\t\t\n\t\t\n\t\t\t\n\t\t\n\t\t\t\n\t\t\n\t\t\t\n\t\t\n\t\t\t\n\t\t\n\t<\/div>\n\n<\/div><\/div>\n\n<\/div>\n\n\t<\/div>\n\n\t\n<\/div>\n\n\n\n<p><\/p>\n","protected":false},"excerpt":{"rendered":"<p>A Comment rejoindre une \u00e9quipe d\u2019interclub du LUC Badminton? Les \u00e9quipes sont form\u00e9es en d\u00e9but de saison (~juillet), mais des places peuvent se lib\u00e9rer en cours de saison. D\u00fb \u00e0 une tr\u00e8s forte demande pour les \u00e9quipes interclubs, la priorit\u00e9 est donn\u00e9e premi\u00e8rement aux membres interclubs de la saison pr\u00e9c\u00e9dente puis aux membres du club [&hellip;]<\/p>\n","protected":false},"author":5,"featured_media":0,"parent":0,"menu_order":0,"comment_status":"closed","ping_status":"closed","template":"page-templates\/full-width.php","meta":{"footnotes":""},"class_list":["post-3360","page","type-page","status-publish","hentry"],"_links":{"self":[{"href":"https:\/\/lucbadminton.ch\/index.php?rest_route=\/wp\/v2\/pages\/3360","targetHints":{"allow":["GET"]}}],"collection":[{"href":"https:\/\/lucbadminton.ch\/index.php?rest_route=\/wp\/v2\/pages"}],"about":[{"href":"https:\/\/lucbadminton.ch\/index.php?rest_route=\/wp\/v2\/types\/page"}],"author":[{"embeddable":true,"href":"https:\/\/lucbadminton.ch\/index.php?rest_route=\/wp\/v2\/users\/5"}],"replies":[{"embeddable":true,"href":"https:\/\/lucbadminton.ch\/index.php?rest_route=%2Fwp%2Fv2%2Fcomments&post=3360"}],"version-history":[{"count":2,"href":"https:\/\/lucbadminton.ch\/index.php?rest_route=\/wp\/v2\/pages\/3360\/revisions"}],"predecessor-version":[{"id":3367,"href":"https:\/\/lucbadminton.ch\/index.php?rest_route=\/wp\/v2\/pages\/3360\/revisions\/3367"}],"wp:attachment":[{"href":"https:\/\/lucbadminton.ch\/index.php?rest_route=%2Fwp%2Fv2%2Fmedia&parent=3360"}],"curies":[{"name":"wp","href":"https:\/\/api.w.org\/{rel}","templated":true}]}}