{"id":451,"date":"2017-07-01T15:57:59","date_gmt":"2017-07-01T15:57:59","guid":{"rendered":"http:\/\/new.lucbadminton.ch\/?page_id=451"},"modified":"2026-04-10T15:59:02","modified_gmt":"2026-04-10T15:59:02","slug":"entrainements","status":"publish","type":"page","link":"https:\/\/lucbadminton.ch\/?page_id=451","title":{"rendered":"Entra\u00eenements et plages de jeu"},"content":{"rendered":"\n<p>Les sessions de jeu r\u00e9serv\u00e9es <strong><span style=\"text-decoration: underline;\">exclusivement<\/span><\/strong> aux membres du club sont pr\u00e9vues aux horaires ci-dessous :<\/p>\n\n\n<div class=\"wp-block-image is-style-default\">\n<figure class=\"aligncenter size-full is-resized\"><img loading=\"lazy\" decoding=\"async\" width=\"970\" height=\"761\" src=\"https:\/\/lucbadminton.ch\/wp-content\/uploads\/2026\/04\/WhatsApp-Image-2026-04-03-at-18.59.11.jpeg\" alt=\"\" class=\"wp-image-3756\" style=\"aspect-ratio:0.8;object-fit:contain;width:800px;height:auto\" srcset=\"https:\/\/lucbadminton.ch\/wp-content\/uploads\/2026\/04\/WhatsApp-Image-2026-04-03-at-18.59.11.jpeg 970w, https:\/\/lucbadminton.ch\/wp-content\/uploads\/2026\/04\/WhatsApp-Image-2026-04-03-at-18.59.11-300x235.jpeg 300w, https:\/\/lucbadminton.ch\/wp-content\/uploads\/2026\/04\/WhatsApp-Image-2026-04-03-at-18.59.11-768x603.jpeg 768w, https:\/\/lucbadminton.ch\/wp-content\/uploads\/2026\/04\/WhatsApp-Image-2026-04-03-at-18.59.11-1x1.jpeg 1w\" sizes=\"auto, (max-width: 970px) 100vw, 970px\" \/><\/figure><\/div>\n\n\n<p>Localisation du Centre sportif de Dorigny :<\/p>\n\n\n\n\n\n<p>Localisation du Gymnase de Renens :<\/p>\n\n\n\n\n\n<p>Localisation du coll\u00e8ge de la Planta :<\/p>\n\n\n","protected":false},"excerpt":{"rendered":"<p>Les sessions de jeu r\u00e9serv\u00e9es exclusivement aux membres du club sont pr\u00e9vues aux horaires ci-dessous : Localisation du Centre sportif de Dorigny : Localisation du Gymnase de Renens : Localisation du coll\u00e8ge de la Planta :<\/p>\n","protected":false},"author":1,"featured_media":0,"parent":0,"menu_order":2,"comment_status":"closed","ping_status":"closed","template":"page-templates\/full-width.php","meta":{"footnotes":""},"class_list":["post-451","page","type-page","status-publish","hentry"],"_links":{"self":[{"href":"https:\/\/lucbadminton.ch\/index.php?rest_route=\/wp\/v2\/pages\/451","targetHints":{"allow":["GET"]}}],"collection":[{"href":"https:\/\/lucbadminton.ch\/index.php?rest_route=\/wp\/v2\/pages"}],"about":[{"href":"https:\/\/lucbadminton.ch\/index.php?rest_route=\/wp\/v2\/types\/page"}],"author":[{"embeddable":true,"href":"https:\/\/lucbadminton.ch\/index.php?rest_route=\/wp\/v2\/users\/1"}],"replies":[{"embeddable":true,"href":"https:\/\/lucbadminton.ch\/index.php?rest_route=%2Fwp%2Fv2%2Fcomments&post=451"}],"version-history":[{"count":134,"href":"https:\/\/lucbadminton.ch\/index.php?rest_route=\/wp\/v2\/pages\/451\/revisions"}],"predecessor-version":[{"id":3757,"href":"https:\/\/lucbadminton.ch\/index.php?rest_route=\/wp\/v2\/pages\/451\/revisions\/3757"}],"wp:attachment":[{"href":"https:\/\/lucbadminton.ch\/index.php?rest_route=%2Fwp%2Fv2%2Fmedia&parent=451"}],"curies":[{"name":"wp","href":"https:\/\/api.w.org\/{rel}","templated":true}]}}